{"id":2964,"date":"2018-06-29T17:25:46","date_gmt":"2018-06-29T15:25:46","guid":{"rendered":"http:\/\/mainzerstrasse.saarland\/wordpress\/?page_id=2964"},"modified":"2018-06-30T09:30:51","modified_gmt":"2018-06-30T07:30:51","slug":"quartiersrundgaenge","status":"publish","type":"page","link":"https:\/\/mainzerstrasse.saarland\/wordpress\/quartiersrundgaenge\/","title":{"rendered":"Quartiersrundg\u00e4nge"},"content":{"rendered":"<h3>Als St. Johann aus den engen Mauern hinaus wuchs<\/h3>\n<p>Die Mainzer Stra\u00dfe entstand im 18. Jahrhundert, als St. Johann mit der fr\u00fchen Industrialisierung wirtschaftlich aufbl\u00fchte. Seit 1792 steht das bis heute weitgehend unver\u00e4nderte G\u00e4stehaus Horch an der oberen Mainzer Stra\u00dfe und dokumentiert den Beginn der st\u00e4dtebaulichen Erweiterung Richtung Osten. Vor allem im 19.\/20. Jahrhundert entsteht ein mit Kleingewerbe durchsetztes Wohngebiet, dessen Bebauung exemplarisch f\u00fcr die entwicklung vieler St\u00e4dte in diesem Zeitraum ist. Die Geb\u00e4ude und Hinterh\u00f6fe erz\u00e4hlen uns, obgleich teilweise ver\u00e4ndert, noch viel \u00fcber die Geschichte, das Leben und die Entwicklung dieser Stra\u00dfe.<\/p>\n<p>Wann: Samstag 01.09.2018 um 14.30 Uhr<\/p>\n<p>Dauer: ca. 2 Stunden<\/p>\n<p>Treffpunkt: SB, Brunnen Ecke Bleich-\/Obertorstra\u00dfe\u00a0(Bus R10, 126, 128, 506 bis St. Johanner Markt)<\/p>\n<p>Diesen Rundgang f\u00fchrt der Verein Quartier Mainzer Stra\u00dfe e.V. in Zusammenarbeit mit dem Verein Geographie ohne Grenzen e.V. \/ StattReisen Saar durch. G\u00e4stef\u00fchrerin Gesine Kleen, Kunsthistorikerin M.A.<\/p>\n<p>Kosten: 8,00 \u20ac (erm. 6,00 \u20ac) GOG Mitglieder frei<\/p>\n<p>&nbsp;<\/p>\n","protected":false},"excerpt":{"rendered":"<p>Als St. Johann aus den engen Mauern hinaus wuchs Die Mainzer Stra\u00dfe entstand im 18. Jahrhundert, als St. Johann mit der fr\u00fchen Industrialisierung wirtschaftlich aufbl\u00fchte. Seit 1792 steht das bis heute weitgehend unver\u00e4nderte G\u00e4stehaus Horch an der oberen Mainzer Stra\u00dfe<span class=\"ellipsis\">&hellip;<\/span><\/p>\n<div class=\"read-more\"><a href=\"https:\/\/mainzerstrasse.saarland\/wordpress\/quartiersrundgaenge\/\">Weiterlesen &#8250;<\/a><\/div>\n<p><!-- end of .read-more --><\/p>\n","protected":false},"author":1,"featured_media":0,"parent":0,"menu_order":0,"comment_status":"closed","ping_status":"closed","template":"","meta":{"footnotes":""},"class_list":["post-2964","page","type-page","status-publish","hentry"],"_links":{"self":[{"href":"https:\/\/mainzerstrasse.saarland\/wordpress\/wp-json\/wp\/v2\/pages\/2964","targetHints":{"allow":["GET"]}}],"collection":[{"href":"https:\/\/mainzerstrasse.saarland\/wordpress\/wp-json\/wp\/v2\/pages"}],"about":[{"href":"https:\/\/mainzerstrasse.saarland\/wordpress\/wp-json\/wp\/v2\/types\/page"}],"author":[{"embeddable":true,"href":"https:\/\/mainzerstrasse.saarland\/wordpress\/wp-json\/wp\/v2\/users\/1"}],"replies":[{"embeddable":true,"href":"https:\/\/mainzerstrasse.saarland\/wordpress\/wp-json\/wp\/v2\/comments?post=2964"}],"version-history":[{"count":4,"href":"https:\/\/mainzerstrasse.saarland\/wordpress\/wp-json\/wp\/v2\/pages\/2964\/revisions"}],"predecessor-version":[{"id":2973,"href":"https:\/\/mainzerstrasse.saarland\/wordpress\/wp-json\/wp\/v2\/pages\/2964\/revisions\/2973"}],"wp:attachment":[{"href":"https:\/\/mainzerstrasse.saarland\/wordpress\/wp-json\/wp\/v2\/media?parent=2964"}],"curies":[{"name":"wp","href":"https:\/\/api.w.org\/{rel}","templated":true}]}}