{"id":495,"date":"2016-05-15T20:25:58","date_gmt":"2016-05-15T18:25:58","guid":{"rendered":"http:\/\/mainzerstrasse.saarland\/wordpress\/?page_id=495"},"modified":"2016-10-19T14:13:01","modified_gmt":"2016-10-19T12:13:01","slug":"interner-bereich","status":"publish","type":"page","link":"https:\/\/mainzerstrasse.saarland\/wordpress\/interner-bereich\/","title":{"rendered":"Interner Bereich"},"content":{"rendered":"<p><strong>Dieser Bereich ist ausschlie\u00dflich den Vereinsmitgliedern vorbehalten.<\/strong><\/p>\n<p><span class=\"_5yl5\">Hier k\u00f6nnen Sie sich z.B. alle Sitzungsprotokolle, st\u00e4ttische Servicenummern, das Quartiers Vandalismusregister, der Vorstandes unterwegs, anschauen. Haben Sie nun Interesse an einer Mitgliedschaft bekommen oder haben Sie Fragen zu einer Mitgliedschaft? Kontaktieren Sie uns gerne. Oder senden Sie uns Ihren ausgef\u00fcllten <a href=\"http:\/\/mainzerstrasse.saarland\/wordpress\/wp-content\/uploads\/2016\/07\/mitgliedsantrag.pdf\">Mitgliedsantrag <\/a>unter <a href=\"mailto:\/\/info@mainzerstrasse.saarland\">info@mainzerstrasse.saarland<\/a> zu.<\/span><\/p>\n<p>[ninja_forms id=1]<\/p>\n","protected":false},"excerpt":{"rendered":"<p>Dieser Bereich ist ausschlie\u00dflich den Vereinsmitgliedern vorbehalten. Hier k\u00f6nnen Sie sich z.B. alle Sitzungsprotokolle, st\u00e4ttische Servicenummern, das Quartiers Vandalismusregister, der Vorstandes unterwegs, anschauen. Haben Sie nun Interesse an einer Mitgliedschaft bekommen oder haben Sie Fragen zu einer Mitgliedschaft? Kontaktieren Sie<span class=\"ellipsis\">&hellip;<\/span><\/p>\n<div class=\"read-more\"><a href=\"https:\/\/mainzerstrasse.saarland\/wordpress\/interner-bereich\/\">Weiterlesen &#8250;<\/a><\/div>\n<p><!-- end of .read-more --><\/p>\n","protected":false},"author":1,"featured_media":0,"parent":0,"menu_order":0,"comment_status":"closed","ping_status":"closed","template":"","meta":{"footnotes":""},"class_list":["post-495","page","type-page","status-publish","hentry"],"_links":{"self":[{"href":"https:\/\/mainzerstrasse.saarland\/wordpress\/wp-json\/wp\/v2\/pages\/495","targetHints":{"allow":["GET"]}}],"collection":[{"href":"https:\/\/mainzerstrasse.saarland\/wordpress\/wp-json\/wp\/v2\/pages"}],"about":[{"href":"https:\/\/mainzerstrasse.saarland\/wordpress\/wp-json\/wp\/v2\/types\/page"}],"author":[{"embeddable":true,"href":"https:\/\/mainzerstrasse.saarland\/wordpress\/wp-json\/wp\/v2\/users\/1"}],"replies":[{"embeddable":true,"href":"https:\/\/mainzerstrasse.saarland\/wordpress\/wp-json\/wp\/v2\/comments?post=495"}],"version-history":[{"count":16,"href":"https:\/\/mainzerstrasse.saarland\/wordpress\/wp-json\/wp\/v2\/pages\/495\/revisions"}],"predecessor-version":[{"id":1439,"href":"https:\/\/mainzerstrasse.saarland\/wordpress\/wp-json\/wp\/v2\/pages\/495\/revisions\/1439"}],"wp:attachment":[{"href":"https:\/\/mainzerstrasse.saarland\/wordpress\/wp-json\/wp\/v2\/media?parent=495"}],"curies":[{"name":"wp","href":"https:\/\/api.w.org\/{rel}","templated":true}]}}